{"id":45,"date":"2014-07-14T21:34:19","date_gmt":"2014-07-14T20:34:19","guid":{"rendered":"https:\/\/ensis.network\/?page_id=45"},"modified":"2024-01-24T03:20:28","modified_gmt":"2024-01-24T02:20:28","slug":"become-a-member","status":"publish","type":"page","link":"https:\/\/ensis.network\/pt\/membership\/become-a-member\/","title":{"rendered":"Torne-se membro"},"content":{"rendered":"<p><\/p>\n<h3>Seja bem-vindo e unte-se \u00e0 nossa rede<\/h3>\n<p>Pode tornar-se membro em apenas um passo: basta preencher o formul\u00e1rio de filia\u00e7\u00e3o (pode preencher no ficheiro digital ou imprimir e assinar) e envi\u00e1-lo de volta via email e aguardar a confirma\u00e7\u00e3o.<\/p>\n<p>[gview file=&#8221;https:\/\/ensis.network\/wp-content\/uploads\/2015\/03\/menbership-application-form-eng.docx&#8221; save=&#8221;1&#8243;]<\/p>\n<p>[gview file=&#8221;https:\/\/ensis.network\/wp-content\/uploads\/2015\/02\/menbership-application-form-eng.pdf&#8221; save=&#8221;1&#8243;]<\/p>\n<h4>Trabalhemos juntos para uma Europa melhor!<\/h4>\n<p><\/p>","protected":false},"excerpt":{"rendered":"<p>Seja bem-vindo e unte-se \u00e0 nossa rede Pode tornar-se membro em apenas um passo: basta preencher o formul\u00e1rio de filia\u00e7\u00e3o (pode preencher no ficheiro digital ou imprimir e assinar) e envi\u00e1-lo de volta via email e aguardar a confirma\u00e7\u00e3o. [gview file=&#8221;https:\/\/ensis.network\/wp-content\/uploads\/2015\/03\/menbership-application-form-eng.docx&#8221; save=&#8221;1&#8243;] [gview file=&#8221;https:\/\/ensis.network\/wp-content\/uploads\/2015\/02\/menbership-application-form-eng.pdf&#8221; save=&#8221;1&#8243;] Trabalhemos juntos para uma Europa melhor!<\/p>\n","protected":false},"author":2,"featured_media":0,"parent":543,"menu_order":6,"comment_status":"closed","ping_status":"closed","template":"","meta":{"footnotes":""},"class_list":["post-45","page","type-page","status-publish","hentry"],"_links":{"self":[{"href":"https:\/\/ensis.network\/pt\/wp-json\/wp\/v2\/pages\/45","targetHints":{"allow":["GET"]}}],"collection":[{"href":"https:\/\/ensis.network\/pt\/wp-json\/wp\/v2\/pages"}],"about":[{"href":"https:\/\/ensis.network\/pt\/wp-json\/wp\/v2\/types\/page"}],"author":[{"embeddable":true,"href":"https:\/\/ensis.network\/pt\/wp-json\/wp\/v2\/users\/2"}],"replies":[{"embeddable":true,"href":"https:\/\/ensis.network\/pt\/wp-json\/wp\/v2\/comments?post=45"}],"version-history":[{"count":38,"href":"https:\/\/ensis.network\/pt\/wp-json\/wp\/v2\/pages\/45\/revisions"}],"predecessor-version":[{"id":1629,"href":"https:\/\/ensis.network\/pt\/wp-json\/wp\/v2\/pages\/45\/revisions\/1629"}],"up":[{"embeddable":true,"href":"https:\/\/ensis.network\/pt\/wp-json\/wp\/v2\/pages\/543"}],"wp:attachment":[{"href":"https:\/\/ensis.network\/pt\/wp-json\/wp\/v2\/media?parent=45"}],"curies":[{"name":"wp","href":"https:\/\/api.w.org\/{rel}","templated":true}]}}