{"id":2,"date":"2014-07-14T14:20:49","date_gmt":"2014-07-14T13:20:49","guid":{"rendered":"https:\/\/ensis.network\/?page_id=2"},"modified":"2024-02-15T03:25:42","modified_gmt":"2024-02-15T02:25:42","slug":"about-us","status":"publish","type":"page","link":"https:\/\/ensis.network\/it\/","title":{"rendered":"Chi siamo"},"content":{"rendered":"<p><\/p>\n<h3>Che cos&#8217;\u00e8 ENSIS?<\/h3>\n<p>La Rete europea per l&#8217;innovazione sociale e la solidariet\u00e0 (ENSIS) \u00e8 un&#8217;organizzazione senza scopo di lucro nata dall&#8217;iniziativa spontanea di un gruppo di amici europei che condividono idee comuni e desiderano impegnarsi per un&#8217;Europa sociale e solidale. \u00c8 stata registrata ufficialmente nel 2013 a L\u00fcneburg (Germania) secondo il diritto tedesco.<\/p>\n<h3>La nostra visione<\/h3>\n<p>L&#8217;obiettivo di ENSIS \u00e8 stimolare e promuovere lo sviluppo di una politica sociale coerente in Europa, basata sull&#8217;innovazione sociale e sulla solidariet\u00e0, dando potere alle organizzazioni sociali.<\/p>\n<h3>La nostra missione<\/h3>\n<p>ENSIS riunisce organizzazioni locali, regionali, nazionali ed europee del settore sociale (con personale professionale o volontario) e iniziative senza scopo di lucro impegnate nella solidariet\u00e0 collettiva e desiderose di sviluppare un&#8217;Europa sociale attraverso programmi di innovazione sociale. Anche i singoli possono sostenere ENSIS diventando membri associati. Oggi copre 6 Paesi dell&#8217;UE (Belgio, Finlandia, Francia, Germania, Portogallo, Italia e Regno Unito) e comprende membri di varie dimensioni e tipologie.<\/p>\n<h3>I nostri obiettivi<\/h3>\n<p>Proposte politiche: le organizzazioni del settore sociale che aderiscono a ENSIS desiderano dare visibilit\u00e0 alle loro proposte politiche sulla scena europea. Le nostre proposte politiche mirano a un&#8217;Europa sociale saldamente basata sulla solidariet\u00e0.<\/p>\n<p>Scambio di buone pratiche: I membri di ENSIS desiderano condividere le loro esperienze e sviluppare ulteriormente le loro competenze attraverso lo scambio di buone pratiche e promuovere azioni innovative basate sulla solidariet\u00e0 attraverso progetti comuni, seminari, istruzione e formazione. In particolare, ci\u00f2 include il coordinamento dell&#8217;attuazione dei progetti finanziati dall&#8217;UE sviluppati dalle organizzazioni aderenti.<\/p>\n<p>Progetti di solidariet\u00e0: ENSIS desidera promuovere un&#8217;Europa sociale basata sulla solidariet\u00e0, attraverso progetti sviluppati congiuntamente con altre reti, attraverso iniziative della societ\u00e0 civile, insieme alle parti interessate e ai sostenitori della nostra rete.<\/p>\n<h3>Le reti<\/h3>\n<p>Siamo strettamente collegati con diverse organizzazioni a livello europeo:<\/p>\n<p>We are close connected with different organisations European wide: <a href=\"https:\/\/ensis.network\/membership\/our-members\/\">with partner organisations, European institutions and friends across Europe.<\/a><\/p>\n<p>Solidar<br \/>\nUnione europea dei servizi sociali<br \/>\nEuropabeirat ver.di Germania<\/p>","protected":false},"excerpt":{"rendered":"<p>Che cos&#8217;\u00e8 ENSIS? La Rete europea per l&#8217;innovazione sociale e la solidariet\u00e0 (ENSIS) \u00e8 un&#8217;organizzazione senza scopo di lucro nata dall&#8217;iniziativa spontanea di un gruppo di amici europei che condividono idee comuni e desiderano impegnarsi per un&#8217;Europa sociale e solidale. \u00c8 stata registrata ufficialmente nel 2013 a L\u00fcneburg (Germania) secondo il diritto tedesco. La nostra &hellip; <a href=\"https:\/\/ensis.network\/it\/\" class=\"more-link\">Continua la lettura di <span class=\"screen-reader-text\">Chi siamo<\/span> <span class=\"meta-nav\">&rarr;<\/span><\/a><\/p>\n","protected":false},"author":1,"featured_media":0,"parent":0,"menu_order":1,"comment_status":"closed","ping_status":"closed","template":"","meta":{"footnotes":""},"class_list":["post-2","page","type-page","status-publish","hentry"],"_links":{"self":[{"href":"https:\/\/ensis.network\/it\/wp-json\/wp\/v2\/pages\/2","targetHints":{"allow":["GET"]}}],"collection":[{"href":"https:\/\/ensis.network\/it\/wp-json\/wp\/v2\/pages"}],"about":[{"href":"https:\/\/ensis.network\/it\/wp-json\/wp\/v2\/types\/page"}],"author":[{"embeddable":true,"href":"https:\/\/ensis.network\/it\/wp-json\/wp\/v2\/users\/1"}],"replies":[{"embeddable":true,"href":"https:\/\/ensis.network\/it\/wp-json\/wp\/v2\/comments?post=2"}],"version-history":[{"count":50,"href":"https:\/\/ensis.network\/it\/wp-json\/wp\/v2\/pages\/2\/revisions"}],"predecessor-version":[{"id":1676,"href":"https:\/\/ensis.network\/it\/wp-json\/wp\/v2\/pages\/2\/revisions\/1676"}],"wp:attachment":[{"href":"https:\/\/ensis.network\/it\/wp-json\/wp\/v2\/media?parent=2"}],"curies":[{"name":"wp","href":"https:\/\/api.w.org\/{rel}","templated":true}]}}