{"id":182,"date":"2015-03-08T12:47:17","date_gmt":"2015-03-08T10:47:17","guid":{"rendered":"https:\/\/ensis.network\/membership-join\/"},"modified":"2024-02-17T00:18:03","modified_gmt":"2024-02-16T23:18:03","slug":"membership-join","status":"publish","type":"page","link":"https:\/\/ensis.network\/fr\/membership-join\/","title":{"rendered":"Rejoignez-nous"},"content":{"rendered":"<p><\/p>\n<p style=\"border-top: 1px solid #ccc; padding-top: 10px; margin-top: 10px;\">Rejoignez-nous en quelques clics et r\u00e9glez <strong>d\u00e8s maintenant votre cotisation d&rsquo;adh\u00e9sion<\/strong> <strong>:<br \/>\n<\/strong><\/p>\n<p>Vous obtiendrez un acc\u00e8s sans restriction \u00e0 la zone membre du site.<\/p>\n<p><a href=\"https:\/\/ensis.network\/membership-join\/membership-registration\/\"><img loading=\"lazy\" decoding=\"async\" class=\"alignnone\" title=\"Join Now\" src=\"https:\/\/ensis.network\/wp-content\/plugins\/simple-membership\/images\/join-now-button-image.gif\" alt=\"Join Now Button\" width=\"277\" height=\"82\" \/><\/a><\/p>\n<p style=\"border-bottom: 1px solid #ccc; padding-bottom: 10px; margin-bottom: 10px;\"><strong>Vous pouvez choisir de vous enregistrer avec l&rsquo;une des options d&rsquo;adh\u00e9sion suivantes<\/strong><\/p>\n<table>\n<tbody>\n<tr>\n<td><input name=\"on0\" type=\"hidden\" value=\"yearly membership fee\" \/>yearly membership fee 2016<\/td>\n<\/tr>\n<tr>\n<td><select name=\"os0\"><option value=\"small size (eg. initiatives, local grassroots)\">small size (eg. initiatives, local grassroots) \u20ac60,00 EUR<\/option><option value=\"middle size social organisations (eg. local institutions, small\">middle size social organisations (eg. local institutions, small \u20ac200,00 EUR<\/option><option value=\"large size social organisations (eg. Public bodies, regional or\">large size social organisations (eg. Public bodies, regional or \u20ac480,00 EUR<\/option><option value=\"individuals (as associated members)\">individuals (as associated members) \u20ac38,00 EUR<\/option><\/select><\/td>\n<\/tr>\n<tr>\n<td><input name=\"on1\" type=\"hidden\" value=\"Welcome to engage with us\" \/>Welcome to engage with us<\/td>\n<\/tr>\n<tr>\n<td><input maxlength=\"200\" name=\"os1\" type=\"text\" \/><\/td>\n<\/tr>\n<\/tbody>\n<\/table>\n<p><input name=\"currency_code\" type=\"hidden\" value=\"EUR\" \/><br \/>\n<input alt=\"PayPal \u2013 The safer, easier way to pay online.\" name=\"submit\" src=\"https:\/\/www.paypalobjects.com\/en_US\/i\/btn\/btn_paynowCC_LG_global.gif\" type=\"image\" \/><br \/>\n<img loading=\"lazy\" decoding=\"async\" class=\"noghgbjmfofisrswlrly kvkfrgzyemnokgdeqzoq\" src=\"https:\/\/www.paypalobjects.com\/de_DE\/i\/scr\/pixel.gif\" alt=\"\" width=\"1\" height=\"1\" border=\"0\" \/><\/p>","protected":false},"excerpt":{"rendered":"<p>Rejoignez-nous en quelques clics et r\u00e9glez d\u00e8s maintenant votre cotisation d&rsquo;adh\u00e9sion : Vous obtiendrez un acc\u00e8s sans restriction \u00e0 la zone membre du site. Vous pouvez choisir de vous enregistrer avec l&rsquo;une des options d&rsquo;adh\u00e9sion suivantes yearly membership fee 2016 small size (eg. initiatives, local grassroots) \u20ac60,00 EURmiddle size social organisations (eg. local institutions, small &hellip; <a href=\"https:\/\/ensis.network\/fr\/membership-join\/\" class=\"more-link\">Continuer la lecture de <span class=\"screen-reader-text\">Rejoignez-nous<\/span> <span class=\"meta-nav\">&rarr;<\/span><\/a><\/p>\n","protected":false},"author":2,"featured_media":0,"parent":0,"menu_order":0,"comment_status":"closed","ping_status":"closed","template":"","meta":{"footnotes":""},"class_list":["post-182","page","type-page","status-publish","hentry"],"_links":{"self":[{"href":"https:\/\/ensis.network\/fr\/wp-json\/wp\/v2\/pages\/182","targetHints":{"allow":["GET"]}}],"collection":[{"href":"https:\/\/ensis.network\/fr\/wp-json\/wp\/v2\/pages"}],"about":[{"href":"https:\/\/ensis.network\/fr\/wp-json\/wp\/v2\/types\/page"}],"author":[{"embeddable":true,"href":"https:\/\/ensis.network\/fr\/wp-json\/wp\/v2\/users\/2"}],"replies":[{"embeddable":true,"href":"https:\/\/ensis.network\/fr\/wp-json\/wp\/v2\/comments?post=182"}],"version-history":[{"count":20,"href":"https:\/\/ensis.network\/fr\/wp-json\/wp\/v2\/pages\/182\/revisions"}],"predecessor-version":[{"id":1683,"href":"https:\/\/ensis.network\/fr\/wp-json\/wp\/v2\/pages\/182\/revisions\/1683"}],"wp:attachment":[{"href":"https:\/\/ensis.network\/fr\/wp-json\/wp\/v2\/media?parent=182"}],"curies":[{"name":"wp","href":"https:\/\/api.w.org\/{rel}","templated":true}]}}