{"id":77,"date":"2014-07-14T22:49:02","date_gmt":"2014-07-14T21:49:02","guid":{"rendered":"https:\/\/ensis.network\/?page_id=77"},"modified":"2015-12-10T00:02:49","modified_gmt":"2015-12-09T23:02:49","slug":"members-area","status":"publish","type":"page","link":"https:\/\/ensis.network\/fi\/membership\/members-area\/","title":{"rendered":"J\u00e4senille"},"content":{"rendered":"<p class=\"qtranxs-available-languages-message qtranxs-available-languages-message-fi\">Anteeksi, mutta t\u00e4m\u00e4 kirjoitus on saatavana ainoastaan n\u00e4ill\u00e4 kielill\u00e4: <a href=\"https:\/\/ensis.network\/en\/wp-json\/wp\/v2\/pages\/77\" class=\"qtranxs-available-language-link qtranxs-available-language-link-en\" title=\"English\">English<\/a>, <a href=\"https:\/\/ensis.network\/fr\/wp-json\/wp\/v2\/pages\/77\" class=\"qtranxs-available-language-link qtranxs-available-language-link-fr\" title=\"Fran\u00e7ais\">Fran\u00e7ais<\/a> ja <a href=\"https:\/\/ensis.network\/de\/wp-json\/wp\/v2\/pages\/77\" class=\"qtranxs-available-language-link qtranxs-available-language-link-de\" title=\"Deutsch\">Deutsch<\/a>.<\/p><p>Here you get as a member of ENSIS useful information, when you are logged in&#8230;<\/p>\n<p>Information about new projects<\/p>\n<p>internal communication<\/p>\n<p><a href=\"https:\/\/ensis.network\/?p=716\">newsletter archive<\/a><\/p>\n<p><a href=\"https:\/\/ensis.network\/?p=241\">Sources for the office team<\/a><\/p>\n<p>&nbsp;<\/p>","protected":false},"excerpt":{"rendered":"<p>Anteeksi, mutta t\u00e4m\u00e4 kirjoitus on saatavana ainoastaan n\u00e4ill\u00e4 kielill\u00e4: English, Fran\u00e7ais ja Deutsch.Here you get as a member of ENSIS useful information, when you are logged in&#8230; Information about new projects internal communication newsletter archive Sources for the office team &nbsp;<\/p>\n","protected":false},"author":2,"featured_media":0,"parent":543,"menu_order":6,"comment_status":"closed","ping_status":"closed","template":"","meta":{"footnotes":""},"class_list":["post-77","page","type-page","status-publish","hentry"],"_links":{"self":[{"href":"https:\/\/ensis.network\/fi\/wp-json\/wp\/v2\/pages\/77","targetHints":{"allow":["GET"]}}],"collection":[{"href":"https:\/\/ensis.network\/fi\/wp-json\/wp\/v2\/pages"}],"about":[{"href":"https:\/\/ensis.network\/fi\/wp-json\/wp\/v2\/types\/page"}],"author":[{"embeddable":true,"href":"https:\/\/ensis.network\/fi\/wp-json\/wp\/v2\/users\/2"}],"replies":[{"embeddable":true,"href":"https:\/\/ensis.network\/fi\/wp-json\/wp\/v2\/comments?post=77"}],"version-history":[{"count":15,"href":"https:\/\/ensis.network\/fi\/wp-json\/wp\/v2\/pages\/77\/revisions"}],"predecessor-version":[{"id":820,"href":"https:\/\/ensis.network\/fi\/wp-json\/wp\/v2\/pages\/77\/revisions\/820"}],"up":[{"embeddable":true,"href":"https:\/\/ensis.network\/fi\/wp-json\/wp\/v2\/pages\/543"}],"wp:attachment":[{"href":"https:\/\/ensis.network\/fi\/wp-json\/wp\/v2\/media?parent=77"}],"curies":[{"name":"wp","href":"https:\/\/api.w.org\/{rel}","templated":true}]}}