{"id":45,"date":"2014-07-14T21:34:19","date_gmt":"2014-07-14T20:34:19","guid":{"rendered":"https:\/\/ensis.network\/?page_id=45"},"modified":"2024-01-24T03:20:28","modified_gmt":"2024-01-24T02:20:28","slug":"become-a-member","status":"publish","type":"page","link":"https:\/\/ensis.network\/de\/membership\/become-a-member\/","title":{"rendered":"Mitglied werden"},"content":{"rendered":"<p><\/p>\n<h3>Herzlich Willkommen &#8211; Mitmachen in unserem Netzwerk!<\/h3>\n<p>Mit einem Schritt Mitglied \/ Partner\u00a0 des Netzwerkes werden.<\/p>\n<p>Bitte dieses Fromular ausf\u00fcllen(entweder als pdf am Computer ausf\u00fcllen oder drucken und ausf\u00fcllen und zur\u00fcckschicken. Wir best\u00e4tigen die Partnerschaft direkt!<\/p>\n<p><a href=\"https:\/\/ensis.network\/wp-content\/uploads\/2024\/01\/membership-application-form-eng.pdf\">Antrag auf Mitgliedschaft<\/a><\/p>\n<h3>\u00a0Gemeinsam f\u00fcr ein soziales Europa!<\/h3>\n<p><\/p>","protected":false},"excerpt":{"rendered":"<p>Herzlich Willkommen &#8211; Mitmachen in unserem Netzwerk! Mit einem Schritt Mitglied \/ Partner\u00a0 des Netzwerkes werden. Bitte dieses Fromular ausf\u00fcllen(entweder als pdf am Computer ausf\u00fcllen oder drucken und ausf\u00fcllen und zur\u00fcckschicken. Wir best\u00e4tigen die Partnerschaft direkt! Antrag auf Mitgliedschaft \u00a0Gemeinsam f\u00fcr ein soziales Europa!<\/p>\n","protected":false},"author":2,"featured_media":0,"parent":543,"menu_order":6,"comment_status":"closed","ping_status":"closed","template":"","meta":{"footnotes":""},"class_list":["post-45","page","type-page","status-publish","hentry"],"_links":{"self":[{"href":"https:\/\/ensis.network\/de\/wp-json\/wp\/v2\/pages\/45","targetHints":{"allow":["GET"]}}],"collection":[{"href":"https:\/\/ensis.network\/de\/wp-json\/wp\/v2\/pages"}],"about":[{"href":"https:\/\/ensis.network\/de\/wp-json\/wp\/v2\/types\/page"}],"author":[{"embeddable":true,"href":"https:\/\/ensis.network\/de\/wp-json\/wp\/v2\/users\/2"}],"replies":[{"embeddable":true,"href":"https:\/\/ensis.network\/de\/wp-json\/wp\/v2\/comments?post=45"}],"version-history":[{"count":38,"href":"https:\/\/ensis.network\/de\/wp-json\/wp\/v2\/pages\/45\/revisions"}],"predecessor-version":[{"id":1629,"href":"https:\/\/ensis.network\/de\/wp-json\/wp\/v2\/pages\/45\/revisions\/1629"}],"up":[{"embeddable":true,"href":"https:\/\/ensis.network\/de\/wp-json\/wp\/v2\/pages\/543"}],"wp:attachment":[{"href":"https:\/\/ensis.network\/de\/wp-json\/wp\/v2\/media?parent=45"}],"curies":[{"name":"wp","href":"https:\/\/api.w.org\/{rel}","templated":true}]}}